{"id":666,"date":"2023-07-28T11:12:08","date_gmt":"2023-07-28T11:12:08","guid":{"rendered":"http:\/\/lizboninsaat.com\/?page_id=666"},"modified":"2023-08-30T13:24:26","modified_gmt":"2023-08-30T13:24:26","slug":"vizyonumuz","status":"publish","type":"page","link":"http:\/\/lizboninsaat.com\/index.php\/vizyonumuz\/","title":{"rendered":"Vizyonumuz"},"content":{"rendered":"\t\t<div data-elementor-type=\"wp-page\" data-elementor-id=\"666\" class=\"elementor elementor-666\">\n\t\t\t\t\t\t\t\t\t<section class=\"elementor-section elementor-top-section elementor-element elementor-element-3af98b33 elementor-section-boxed elementor-section-height-default elementor-section-height-default\" data-id=\"3af98b33\" data-element_type=\"section\" data-settings=\"{&quot;background_background&quot;:&quot;classic&quot;}\">\n\t\t\t\t\t\t\t<div class=\"elementor-background-overlay\"><\/div>\n\t\t\t\t\t\t\t<div class=\"elementor-container elementor-column-gap-default\">\n\t\t\t\t\t<div class=\"elementor-column elementor-col-50 elementor-top-column elementor-element elementor-element-5ebca097\" data-id=\"5ebca097\" data-element_type=\"column\">\n\t\t\t<div class=\"elementor-widget-wrap elementor-element-populated\">\n\t\t\t\t\t\t\t\t<div class=\"elementor-element elementor-element-254e313b elementor-widget elementor-widget-heading\" data-id=\"254e313b\" data-element_type=\"widget\" data-widget_type=\"heading.default\">\n\t\t\t\t<div class=\"elementor-widget-container\">\n\t\t\t<style>\/*! elementor - v3.14.0 - 26-06-2023 *\/\n.elementor-heading-title{padding:0;margin:0;line-height:1}.elementor-widget-heading .elementor-heading-title[class*=elementor-size-]>a{color:inherit;font-size:inherit;line-height:inherit}.elementor-widget-heading .elementor-heading-title.elementor-size-small{font-size:15px}.elementor-widget-heading .elementor-heading-title.elementor-size-medium{font-size:19px}.elementor-widget-heading .elementor-heading-title.elementor-size-large{font-size:29px}.elementor-widget-heading .elementor-heading-title.elementor-size-xl{font-size:39px}.elementor-widget-heading .elementor-heading-title.elementor-size-xxl{font-size:59px}<\/style><h2 class=\"elementor-heading-title elementor-size-default\">Vizyonumuz<\/h2>\t\t<\/div>\n\t\t\t\t<\/div>\n\t\t\t\t<div class=\"elementor-element elementor-element-2a14fa8c elementor-widget elementor-widget-text-editor\" data-id=\"2a14fa8c\" data-element_type=\"widget\" data-widget_type=\"text-editor.default\">\n\t\t\t\t<div class=\"elementor-widget-container\">\n\t\t\t<style>\/*! elementor - v3.14.0 - 26-06-2023 *\/\n.elementor-widget-text-editor.elementor-drop-cap-view-stacked .elementor-drop-cap{background-color:#69727d;color:#fff}.elementor-widget-text-editor.elementor-drop-cap-view-framed .elementor-drop-cap{color:#69727d;border:3px solid;background-color:transparent}.elementor-widget-text-editor:not(.elementor-drop-cap-view-default) .elementor-drop-cap{margin-top:8px}.elementor-widget-text-editor:not(.elementor-drop-cap-view-default) .elementor-drop-cap-letter{width:1em;height:1em}.elementor-widget-text-editor .elementor-drop-cap{float:left;text-align:center;line-height:1;font-size:50px}.elementor-widget-text-editor .elementor-drop-cap-letter{display:inline-block}<\/style>\t\t\t\t<p>Lizbon \u0130n\u015faat, 25 y\u0131ld\u0131r in\u015faat sekt\u00f6r\u00fcnde faaliyet g\u00f6steren k\u00f6kl\u00fc bir \u015firkettir. Bu s\u00fcre zarf\u0131nda edindi\u011fimiz deneyim ve birikimlerle sekt\u00f6rdeki \u00f6nc\u00fc konumumuzu koruyarak, m\u00fc\u015fterilerimize en kaliteli hizmeti sunmay\u0131 hedeflemekteyiz.<\/p><p>Vizyonumuz, in\u015faat sekt\u00f6r\u00fcnde lider bir marka olmak ve m\u00fc\u015fterilerimize hayallerini ger\u00e7ekle\u015ftirebilecekleri m\u00fckemmel ya\u015fam alanlar\u0131 sunmakt\u0131r. Bu do\u011frultuda, yenilik\u00e7i ve s\u00fcrd\u00fcr\u00fclebilir projeler \u00fcretmek i\u00e7in s\u00fcrekli olarak ara\u015ft\u0131rma ve geli\u015ftirme \u00e7al\u0131\u015fmalar\u0131na \u00f6nem veriyoruz.<\/p><p>M\u00fc\u015fteri memnuniyeti bizim i\u00e7in her zaman \u00f6nceliklidir. Bu nedenle, projelerimizi m\u00fc\u015fterilerimizin beklenti ve ihtiya\u00e7lar\u0131na uygun \u015fekilde tasarlamak ve uygulamak i\u00e7in titizlikle \u00e7al\u0131\u015f\u0131yoruz. M\u00fc\u015fterilerimizin g\u00fcvenini kazanmak ve onlar\u0131n hayallerini ger\u00e7e\u011fe d\u00f6n\u00fc\u015ft\u00fcrmek i\u00e7in profesyonel bir ekip ile \u00e7al\u0131\u015f\u0131yoruz.<\/p><p>\u00c7al\u0131\u015fanlar\u0131m\u0131z\u0131n s\u00fcrekli geli\u015fimine ve e\u011fitimine \u00f6nem veriyoruz. \u0130n\u015faat sekt\u00f6r\u00fcndeki teknolojik geli\u015fmeleri yak\u0131ndan takip ederek, projelerimizde en son yenilikleri kullan\u0131yoruz. B\u00f6ylece, m\u00fc\u015fterilerimize modern ve estetik a\u00e7\u0131dan \u00fcst\u00fcn niteliklere sahip yap\u0131lar sunuyoruz.<\/p><p>Sosyal sorumluluk bilinciyle hareket ediyoruz. Projelerimizi \u00e7evre dostu malzemeler ve enerji verimlili\u011fi prensipleri do\u011frultusunda ger\u00e7ekle\u015ftiriyoruz. Ayr\u0131ca, toplumun ihtiya\u00e7lar\u0131na duyarl\u0131 projeler geli\u015ftirerek, sosyal ve ekonomik kalk\u0131nmaya katk\u0131da bulunmay\u0131 hedefliyoruz.<\/p><p>Lizbon \u0130n\u015faat olarak, sekt\u00f6rdeki liderli\u011fimizi s\u00fcrd\u00fcrmek ve m\u00fc\u015fterilerimizin g\u00fcvenini kazanmak i\u00e7in s\u00fcrekli olarak kendimizi yenilemeye ve geli\u015ftirmeye devam edece\u011fiz. Vizyonumuz, in\u015faat sekt\u00f6r\u00fcnde kalite, g\u00fcvenilirlik ve yenilik\u00e7ilik konular\u0131nda referans bir marka olmakt\u0131r.<\/p>\t\t\t\t\t\t<\/div>\n\t\t\t\t<\/div>\n\t\t\t\t\t<\/div>\n\t\t<\/div>\n\t\t\t\t<div class=\"elementor-column elementor-col-50 elementor-top-column elementor-element elementor-element-ab57b55\" data-id=\"ab57b55\" data-element_type=\"column\">\n\t\t\t<div class=\"elementor-widget-wrap elementor-element-populated\">\n\t\t\t\t\t\t\t\t<section class=\"elementor-section elementor-inner-section elementor-element elementor-element-3c6b2552 elementor-section-boxed elementor-section-height-default elementor-section-height-default\" data-id=\"3c6b2552\" data-element_type=\"section\">\n\t\t\t\t\t\t<div class=\"elementor-container elementor-column-gap-default\">\n\t\t\t\t\t<div class=\"elementor-column elementor-col-50 elementor-inner-column elementor-element elementor-element-183e7225\" data-id=\"183e7225\" data-element_type=\"column\">\n\t\t\t<div class=\"elementor-widget-wrap elementor-element-populated\">\n\t\t\t\t\t\t\t\t<div class=\"elementor-element elementor-element-381283d5 elementor-widget elementor-widget-image\" data-id=\"381283d5\" data-element_type=\"widget\" data-widget_type=\"image.default\">\n\t\t\t\t<div class=\"elementor-widget-container\">\n\t\t\t<style>\/*! elementor - v3.14.0 - 26-06-2023 *\/\n.elementor-widget-image{text-align:center}.elementor-widget-image a{display:inline-block}.elementor-widget-image a img[src$=\".svg\"]{width:48px}.elementor-widget-image img{vertical-align:middle;display:inline-block}<\/style>\t\t\t\t\t\t\t\t\t\t\t\t<img decoding=\"async\" src=\"http:\/\/lizboninsaat.com\/wp-content\/uploads\/2023\/07\/cizgi.png\" title=\"\" alt=\"\" loading=\"lazy\" \/>\t\t\t\t\t\t\t\t\t\t\t\t\t\t\t<\/div>\n\t\t\t\t<\/div>\n\t\t\t\t\t<\/div>\n\t\t<\/div>\n\t\t\t\t<div class=\"elementor-column elementor-col-50 elementor-inner-column elementor-element elementor-element-2c69af6\" data-id=\"2c69af6\" data-element_type=\"column\">\n\t\t\t<div class=\"elementor-widget-wrap elementor-element-populated\">\n\t\t\t\t\t\t\t\t<div class=\"elementor-element elementor-element-29cc966f elementor-widget elementor-widget-heading\" data-id=\"29cc966f\" data-element_type=\"widget\" data-widget_type=\"heading.default\">\n\t\t\t\t<div class=\"elementor-widget-container\">\n\t\t\t<h2 class=\"elementor-heading-title elementor-size-default\"><a href=\"http:\/\/lizboninsaat.com\/index.php\/hakkimizda\/\">Hakk\u0131m\u0131zda<\/a><\/h2>\t\t<\/div>\n\t\t\t\t<\/div>\n\t\t\t\t<div class=\"elementor-element elementor-element-152a84aa elementor-widget elementor-widget-heading\" data-id=\"152a84aa\" data-element_type=\"widget\" data-widget_type=\"heading.default\">\n\t\t\t\t<div class=\"elementor-widget-container\">\n\t\t\t<h2 class=\"elementor-heading-title elementor-size-default\"><a href=\"http:\/\/lizboninsaat.com\/index.php\/misyonumuz\/\">Misyonumuz<\/a><\/h2>\t\t<\/div>\n\t\t\t\t<\/div>\n\t\t\t\t\t<\/div>\n\t\t<\/div>\n\t\t\t\t\t\t\t<\/div>\n\t\t<\/section>\n\t\t\t\t\t<\/div>\n\t\t<\/div>\n\t\t\t\t\t\t\t<\/div>\n\t\t<\/section>\n\t\t\t\t<section class=\"elementor-section elementor-top-section elementor-element elementor-element-6c121211 elementor-section-boxed elementor-section-height-default elementor-section-height-default\" data-id=\"6c121211\" data-element_type=\"section\" id=\"xs_footer_8\" data-settings=\"{&quot;background_background&quot;:&quot;classic&quot;}\">\n\t\t\t\t\t\t<div class=\"elementor-container elementor-column-gap-default\">\n\t\t\t\t\t<div class=\"elementor-column elementor-col-33 elementor-top-column elementor-element elementor-element-520dfa66\" data-id=\"520dfa66\" data-element_type=\"column\">\n\t\t\t<div class=\"elementor-widget-wrap elementor-element-populated\">\n\t\t\t\t\t\t\t\t<div class=\"elementor-element elementor-element-5aa81651 elementor-widget elementor-widget-image\" data-id=\"5aa81651\" data-element_type=\"widget\" data-widget_type=\"image.default\">\n\t\t\t\t<div class=\"elementor-widget-container\">\n\t\t\t\t\t\t\t\t\t\t\t\t\t\t\t\t<a href=\"http:\/\/www.imamigazali.online\/\">\n\t\t\t\t\t\t\t<img loading=\"lazy\" decoding=\"async\" width=\"768\" height=\"327\" src=\"http:\/\/lizboninsaat.com\/wp-content\/uploads\/2023\/07\/swd-768x327.png\" class=\"attachment-medium_large size-medium_large wp-image-626\" alt=\"\" srcset=\"http:\/\/lizboninsaat.com\/wp-content\/uploads\/2023\/07\/swd-768x327.png 768w, http:\/\/lizboninsaat.com\/wp-content\/uploads\/2023\/07\/swd-300x128.png 300w, http:\/\/lizboninsaat.com\/wp-content\/uploads\/2023\/07\/swd.png 1019w\" sizes=\"auto, (max-width: 768px) 100vw, 768px\" \/>\t\t\t\t\t\t\t\t<\/a>\n\t\t\t\t\t\t\t\t\t\t\t\t\t\t\t<\/div>\n\t\t\t\t<\/div>\n\t\t\t\t<div class=\"elementor-element elementor-element-34704cb0 elementor-widget elementor-widget-text-editor\" data-id=\"34704cb0\" data-element_type=\"widget\" data-widget_type=\"text-editor.default\">\n\t\t\t\t<div class=\"elementor-widget-container\">\n\t\t\t\t\t\t\t<p>Bir Yat\u0131r\u0131m Uzman\u0131 Gerektirmez<\/p>\t\t\t\t\t\t<\/div>\n\t\t\t\t<\/div>\n\t\t\t\t<div class=\"elementor-element elementor-element-1e34ba8 elementor-widget elementor-widget-elementskit-social-media\" data-id=\"1e34ba8\" data-element_type=\"widget\" data-widget_type=\"elementskit-social-media.default\">\n\t\t\t\t<div class=\"elementor-widget-container\">\n\t\t\t<div class=\"ekit-wid-con\" >\t\t\t <ul class=\"ekit_social_media\">\n\t\t\t\t\t\t\t\t\t\t\t\t\t\t<li class=\"elementor-repeater-item-da8f4de\">\n\t\t\t\t\t    <a\n\t\t\t\t\t\thref=\"#\" aria-label=\"Facebook\" class=\"f\" >\n\t\t\t\t\t\t\t\t\t\t\t\t\t\t\n\t\t\t\t\t\t\t<i aria-hidden=\"true\" class=\"fab fa-facebook-f\"><\/i>\t\t\t\t\t\t\t\t\t\n                                                                                                            <\/a>\n                    <\/li>\n                    \t\t\t\t\t\t\t\t\t\t\t\t\t\t<li class=\"elementor-repeater-item-1399011\">\n\t\t\t\t\t    <a\n\t\t\t\t\t\thref=\"#\" aria-label=\"Twitter\" class=\"twitter\" >\n\t\t\t\t\t\t\t\t\t\t\t\t\t\t\n\t\t\t\t\t\t\t<i aria-hidden=\"true\" class=\"fab fa-twitter\"><\/i>\t\t\t\t\t\t\t\t\t\n                                                                                                            <\/a>\n                    <\/li>\n                    \t\t\t\t\t\t\t\t\t\t\t\t\t\t<li class=\"elementor-repeater-item-c8596be\">\n\t\t\t\t\t    <a\n\t\t\t\t\t\thref=\"#\" aria-label=\"Instagram\" class=\"instagram\" >\n\t\t\t\t\t\t\t\t\t\t\t\t\t\t\n\t\t\t\t\t\t\t<i aria-hidden=\"true\" class=\"fab fa-instagram\"><\/i>\t\t\t\t\t\t\t\t\t\n                                                                                                            <\/a>\n                    <\/li>\n                    \t\t\t\t\t\t\t<\/ul>\n\t\t<\/div>\t\t<\/div>\n\t\t\t\t<\/div>\n\t\t\t\t\t<\/div>\n\t\t<\/div>\n\t\t\t\t<div class=\"elementor-column elementor-col-33 elementor-top-column elementor-element elementor-element-603503a2\" data-id=\"603503a2\" data-element_type=\"column\">\n\t\t\t<div class=\"elementor-widget-wrap elementor-element-populated\">\n\t\t\t\t\t\t\t\t<div class=\"elementor-element elementor-element-14fe4ee3 elementor-widget elementor-widget-heading\" data-id=\"14fe4ee3\" data-element_type=\"widget\" data-widget_type=\"heading.default\">\n\t\t\t\t<div class=\"elementor-widget-container\">\n\t\t\t<h2 class=\"elementor-heading-title elementor-size-default\">Bilgi Al\u0131n<\/h2>\t\t<\/div>\n\t\t\t\t<\/div>\n\t\t\t\t<section class=\"elementor-section elementor-inner-section elementor-element elementor-element-20e5f23c elementor-section-boxed elementor-section-height-default elementor-section-height-default\" data-id=\"20e5f23c\" data-element_type=\"section\">\n\t\t\t\t\t\t<div class=\"elementor-container elementor-column-gap-default\">\n\t\t\t\t\t<div class=\"elementor-column elementor-col-50 elementor-inner-column elementor-element elementor-element-66ca16e1\" data-id=\"66ca16e1\" data-element_type=\"column\">\n\t\t\t<div class=\"elementor-widget-wrap elementor-element-populated\">\n\t\t\t\t\t\t\t\t<div class=\"elementor-element elementor-element-44f8eb4d elementor-widget elementor-widget-elementskit-page-list\" data-id=\"44f8eb4d\" data-element_type=\"widget\" data-widget_type=\"elementskit-page-list.default\">\n\t\t\t\t<div class=\"elementor-widget-container\">\n\t\t\t<div class=\"ekit-wid-con\" >\t\t<div class=\"elementor-icon-list-items \">\n\t\t\t\t\t<\/div>\n\t\t<\/div>\t\t<\/div>\n\t\t\t\t<\/div>\n\t\t\t\t\t<\/div>\n\t\t<\/div>\n\t\t\t\t<div class=\"elementor-column elementor-col-50 elementor-inner-column elementor-element elementor-element-2697a839 elementor-hidden-mobile\" data-id=\"2697a839\" data-element_type=\"column\">\n\t\t\t<div class=\"elementor-widget-wrap elementor-element-populated\">\n\t\t\t\t\t\t\t\t<div class=\"elementor-element elementor-element-418a68fe elementor-widget elementor-widget-image-gallery\" data-id=\"418a68fe\" data-element_type=\"widget\" data-widget_type=\"image-gallery.default\">\n\t\t\t\t<div class=\"elementor-widget-container\">\n\t\t\t<style>\/*! elementor - v3.14.0 - 26-06-2023 *\/\n.elementor-image-gallery .gallery-item{display:inline-block;text-align:center;vertical-align:top;width:100%;max-width:100%;margin:0 auto}.elementor-image-gallery .gallery-item img{margin:0 auto}.elementor-image-gallery .gallery-item .gallery-caption{margin:0}.elementor-image-gallery figure img{display:block}.elementor-image-gallery figure figcaption{width:100%}.gallery-spacing-custom .elementor-image-gallery .gallery-icon{padding:0}@media (min-width:768px){.elementor-image-gallery .gallery-columns-2 .gallery-item{max-width:50%}.elementor-image-gallery .gallery-columns-3 .gallery-item{max-width:33.33%}.elementor-image-gallery .gallery-columns-4 .gallery-item{max-width:25%}.elementor-image-gallery .gallery-columns-5 .gallery-item{max-width:20%}.elementor-image-gallery .gallery-columns-6 .gallery-item{max-width:16.666%}.elementor-image-gallery .gallery-columns-7 .gallery-item{max-width:14.28%}.elementor-image-gallery .gallery-columns-8 .gallery-item{max-width:12.5%}.elementor-image-gallery .gallery-columns-9 .gallery-item{max-width:11.11%}.elementor-image-gallery .gallery-columns-10 .gallery-item{max-width:10%}}@media (min-width:480px) and (max-width:767px){.elementor-image-gallery .gallery.gallery-columns-2 .gallery-item,.elementor-image-gallery .gallery.gallery-columns-3 .gallery-item,.elementor-image-gallery .gallery.gallery-columns-4 .gallery-item,.elementor-image-gallery .gallery.gallery-columns-5 .gallery-item,.elementor-image-gallery .gallery.gallery-columns-6 .gallery-item,.elementor-image-gallery .gallery.gallery-columns-7 .gallery-item,.elementor-image-gallery .gallery.gallery-columns-8 .gallery-item,.elementor-image-gallery .gallery.gallery-columns-9 .gallery-item,.elementor-image-gallery .gallery.gallery-columns-10 .gallery-item{max-width:50%}}@media (max-width:479px){.elementor-image-gallery .gallery.gallery-columns-2 .gallery-item,.elementor-image-gallery .gallery.gallery-columns-3 .gallery-item,.elementor-image-gallery .gallery.gallery-columns-4 .gallery-item,.elementor-image-gallery .gallery.gallery-columns-5 .gallery-item,.elementor-image-gallery .gallery.gallery-columns-6 .gallery-item,.elementor-image-gallery .gallery.gallery-columns-7 .gallery-item,.elementor-image-gallery .gallery.gallery-columns-8 .gallery-item,.elementor-image-gallery .gallery.gallery-columns-9 .gallery-item,.elementor-image-gallery .gallery.gallery-columns-10 .gallery-item{max-width:100%}}<\/style>\t\t<div class=\"elementor-image-gallery\">\n\t\t\t<div id='gallery-1' class='gallery galleryid-666 gallery-columns-2 gallery-size-thumbnail'><figure class='gallery-item'>\n\t\t\t<div class='gallery-icon landscape'>\n\t\t\t\t<a data-elementor-open-lightbox=\"yes\" data-elementor-lightbox-slideshow=\"418a68fe\" data-elementor-lightbox-title=\"WhatsApp-Image-2023-06-22-at-16.28.50.jpeg\" data-e-action-hash=\"#elementor-action%3Aaction%3Dlightbox%26settings%3DeyJpZCI6NjA0LCJ1cmwiOiJodHRwOlwvXC9saXpib25pbnNhYXQuY29tXC93cC1jb250ZW50XC91cGxvYWRzXC8yMDIzXC8wN1wvV2hhdHNBcHAtSW1hZ2UtMjAyMy0wNi0yMi1hdC0xNi4yOC41MC5qcGVnIiwic2xpZGVzaG93IjoiNDE4YTY4ZmUifQ%3D%3D\" href='http:\/\/lizboninsaat.com\/wp-content\/uploads\/2023\/07\/WhatsApp-Image-2023-06-22-at-16.28.50.jpeg'><img loading=\"lazy\" decoding=\"async\" width=\"150\" height=\"150\" src=\"http:\/\/lizboninsaat.com\/wp-content\/uploads\/2023\/07\/WhatsApp-Image-2023-06-22-at-16.28.50-150x150.jpeg\" class=\"attachment-thumbnail size-thumbnail\" alt=\"\" srcset=\"http:\/\/lizboninsaat.com\/wp-content\/uploads\/2023\/07\/WhatsApp-Image-2023-06-22-at-16.28.50-150x150.jpeg 150w, http:\/\/lizboninsaat.com\/wp-content\/uploads\/2023\/07\/WhatsApp-Image-2023-06-22-at-16.28.50-600x600.jpeg 600w\" sizes=\"auto, (max-width: 150px) 100vw, 150px\" \/><\/a>\n\t\t\t<\/div><\/figure><figure class='gallery-item'>\n\t\t\t<div class='gallery-icon landscape'>\n\t\t\t\t<a data-elementor-open-lightbox=\"yes\" data-elementor-lightbox-slideshow=\"418a68fe\" data-elementor-lightbox-title=\"WhatsApp-Image-2023-06-22-at-16.28.51.jpeg\" data-e-action-hash=\"#elementor-action%3Aaction%3Dlightbox%26settings%3DeyJpZCI6NjA1LCJ1cmwiOiJodHRwOlwvXC9saXpib25pbnNhYXQuY29tXC93cC1jb250ZW50XC91cGxvYWRzXC8yMDIzXC8wN1wvV2hhdHNBcHAtSW1hZ2UtMjAyMy0wNi0yMi1hdC0xNi4yOC41MS5qcGVnIiwic2xpZGVzaG93IjoiNDE4YTY4ZmUifQ%3D%3D\" href='http:\/\/lizboninsaat.com\/wp-content\/uploads\/2023\/07\/WhatsApp-Image-2023-06-22-at-16.28.51.jpeg'><img loading=\"lazy\" decoding=\"async\" width=\"150\" height=\"150\" src=\"http:\/\/lizboninsaat.com\/wp-content\/uploads\/2023\/07\/WhatsApp-Image-2023-06-22-at-16.28.51-150x150.jpeg\" class=\"attachment-thumbnail size-thumbnail\" alt=\"\" srcset=\"http:\/\/lizboninsaat.com\/wp-content\/uploads\/2023\/07\/WhatsApp-Image-2023-06-22-at-16.28.51-150x150.jpeg 150w, http:\/\/lizboninsaat.com\/wp-content\/uploads\/2023\/07\/WhatsApp-Image-2023-06-22-at-16.28.51-600x600.jpeg 600w\" sizes=\"auto, (max-width: 150px) 100vw, 150px\" \/><\/a>\n\t\t\t<\/div><\/figure><figure class='gallery-item'>\n\t\t\t<div class='gallery-icon landscape'>\n\t\t\t\t<a data-elementor-open-lightbox=\"yes\" data-elementor-lightbox-slideshow=\"418a68fe\" data-elementor-lightbox-title=\"WhatsApp-Image-2023-06-22-at-16.28.49.jpeg\" data-e-action-hash=\"#elementor-action%3Aaction%3Dlightbox%26settings%3DeyJpZCI6NjA2LCJ1cmwiOiJodHRwOlwvXC9saXpib25pbnNhYXQuY29tXC93cC1jb250ZW50XC91cGxvYWRzXC8yMDIzXC8wN1wvV2hhdHNBcHAtSW1hZ2UtMjAyMy0wNi0yMi1hdC0xNi4yOC40OS5qcGVnIiwic2xpZGVzaG93IjoiNDE4YTY4ZmUifQ%3D%3D\" href='http:\/\/lizboninsaat.com\/wp-content\/uploads\/2023\/07\/WhatsApp-Image-2023-06-22-at-16.28.49.jpeg'><img loading=\"lazy\" decoding=\"async\" width=\"150\" height=\"150\" src=\"http:\/\/lizboninsaat.com\/wp-content\/uploads\/2023\/07\/WhatsApp-Image-2023-06-22-at-16.28.49-150x150.jpeg\" class=\"attachment-thumbnail size-thumbnail\" alt=\"\" srcset=\"http:\/\/lizboninsaat.com\/wp-content\/uploads\/2023\/07\/WhatsApp-Image-2023-06-22-at-16.28.49-150x150.jpeg 150w, http:\/\/lizboninsaat.com\/wp-content\/uploads\/2023\/07\/WhatsApp-Image-2023-06-22-at-16.28.49-600x600.jpeg 600w\" sizes=\"auto, (max-width: 150px) 100vw, 150px\" \/><\/a>\n\t\t\t<\/div><\/figure><figure class='gallery-item'>\n\t\t\t<div class='gallery-icon landscape'>\n\t\t\t\t<a data-elementor-open-lightbox=\"yes\" data-elementor-lightbox-slideshow=\"418a68fe\" data-elementor-lightbox-title=\"WhatsApp-Image-2023-06-22-at-16.28.48.jpeg\" data-e-action-hash=\"#elementor-action%3Aaction%3Dlightbox%26settings%3DeyJpZCI6NjA3LCJ1cmwiOiJodHRwOlwvXC9saXpib25pbnNhYXQuY29tXC93cC1jb250ZW50XC91cGxvYWRzXC8yMDIzXC8wN1wvV2hhdHNBcHAtSW1hZ2UtMjAyMy0wNi0yMi1hdC0xNi4yOC40OC5qcGVnIiwic2xpZGVzaG93IjoiNDE4YTY4ZmUifQ%3D%3D\" href='http:\/\/lizboninsaat.com\/wp-content\/uploads\/2023\/07\/WhatsApp-Image-2023-06-22-at-16.28.48.jpeg'><img loading=\"lazy\" decoding=\"async\" width=\"150\" height=\"150\" src=\"http:\/\/lizboninsaat.com\/wp-content\/uploads\/2023\/07\/WhatsApp-Image-2023-06-22-at-16.28.48-150x150.jpeg\" class=\"attachment-thumbnail size-thumbnail\" alt=\"\" srcset=\"http:\/\/lizboninsaat.com\/wp-content\/uploads\/2023\/07\/WhatsApp-Image-2023-06-22-at-16.28.48-150x150.jpeg 150w, http:\/\/lizboninsaat.com\/wp-content\/uploads\/2023\/07\/WhatsApp-Image-2023-06-22-at-16.28.48-600x599.jpeg 600w\" sizes=\"auto, (max-width: 150px) 100vw, 150px\" \/><\/a>\n\t\t\t<\/div><\/figure>\n\t\t<\/div>\n\t\t<\/div>\n\t\t\t\t<\/div>\n\t\t\t\t<\/div>\n\t\t\t\t\t<\/div>\n\t\t<\/div>\n\t\t\t\t\t\t\t<\/div>\n\t\t<\/section>\n\t\t\t\t\t<\/div>\n\t\t<\/div>\n\t\t\t\t<div class=\"elementor-column elementor-col-33 elementor-top-column elementor-element elementor-element-1fe0a855\" data-id=\"1fe0a855\" data-element_type=\"column\">\n\t\t\t<div class=\"elementor-widget-wrap elementor-element-populated\">\n\t\t\t\t\t\t\t\t<div class=\"elementor-element elementor-element-44ae9f9c elementor-widget elementor-widget-heading\" data-id=\"44ae9f9c\" data-element_type=\"widget\" data-widget_type=\"heading.default\">\n\t\t\t\t<div class=\"elementor-widget-container\">\n\t\t\t<h2 class=\"elementor-heading-title elementor-size-default\">Bizden Haberdar Olun<\/h2>\t\t<\/div>\n\t\t\t\t<\/div>\n\t\t\t\t<div class=\"elementor-element elementor-element-2b418b6d elementor-widget elementor-widget-shortcode\" data-id=\"2b418b6d\" data-element_type=\"widget\" data-widget_type=\"shortcode.default\">\n\t\t\t\t<div class=\"elementor-widget-container\">\n\t\t\t\t\t<div class=\"elementor-shortcode\">\n<div class=\"wpcf7 no-js\" id=\"wpcf7-f791-o1\" lang=\"tr-TR\" dir=\"ltr\">\n<div class=\"screen-reader-response\"><p role=\"status\" aria-live=\"polite\" aria-atomic=\"true\"><\/p> <ul><\/ul><\/div>\n<form action=\"\/index.php\/wp-json\/wp\/v2\/pages\/666#wpcf7-f791-o1\" method=\"post\" class=\"wpcf7-form init\" aria-label=\"Contact form\" novalidate=\"novalidate\" data-status=\"init\">\n<div style=\"display: none;\">\n<input type=\"hidden\" name=\"_wpcf7\" value=\"791\" \/>\n<input type=\"hidden\" name=\"_wpcf7_version\" value=\"5.8\" \/>\n<input type=\"hidden\" name=\"_wpcf7_locale\" value=\"tr_TR\" \/>\n<input type=\"hidden\" name=\"_wpcf7_unit_tag\" value=\"wpcf7-f791-o1\" \/>\n<input type=\"hidden\" name=\"_wpcf7_container_post\" value=\"0\" \/>\n<input type=\"hidden\" name=\"_wpcf7_posted_data_hash\" value=\"\" \/>\n<\/div>\n<p><label><br \/>\n<span class=\"wpcf7-form-control-wrap\" data-name=\"your-name\"><input size=\"40\" class=\"wpcf7-form-control wpcf7-text wpcf7-validates-as-required\" aria-required=\"true\" aria-invalid=\"false\" placeholder=\"Ad\u0131 &amp; Soyad\" value=\"\" type=\"text\" name=\"your-name\" \/><\/span> <\/label>\n<\/p>\n<p><label><br \/>\n<span class=\"wpcf7-form-control-wrap\" data-name=\"your-email\"><input size=\"40\" class=\"wpcf7-form-control wpcf7-email wpcf7-validates-as-required wpcf7-text wpcf7-validates-as-email\" aria-required=\"true\" aria-invalid=\"false\" placeholder=\"Mail Adresiniz\" value=\"\" type=\"email\" name=\"your-email\" \/><\/span> <\/label>\n<\/p>\n<p><input class=\"wpcf7-form-control wpcf7-submit has-spinner\" type=\"submit\" value=\"G\u00f6nder\" \/>\n<\/p><div class=\"wpcf7-response-output\" aria-hidden=\"true\"><\/div>\n<\/form>\n<\/div>\n<\/div>\n\t\t\t\t<\/div>\n\t\t\t\t<\/div>\n\t\t\t\t\t<\/div>\n\t\t<\/div>\n\t\t\t\t\t\t\t<\/div>\n\t\t<\/section>\n\t\t\t\t\t\t\t<\/div>\n\t\t","protected":false},"excerpt":{"rendered":"<p>Vizyonumuz Lizbon \u0130n\u015faat, 25 y\u0131ld\u0131r in\u015faat sekt\u00f6r\u00fcnde faaliyet g\u00f6steren k\u00f6kl\u00fc bir \u015firkettir. Bu s\u00fcre zarf\u0131nda edindi\u011fimiz deneyim ve birikimlerle sekt\u00f6rdeki \u00f6nc\u00fc konumumuzu koruyarak, m\u00fc\u015fterilerimize en kaliteli hizmeti sunmay\u0131 hedeflemekteyiz. Vizyonumuz, in\u015faat sekt\u00f6r\u00fcnde lider bir marka olmak ve m\u00fc\u015fterilerimize hayallerini ger\u00e7ekle\u015ftirebilecekleri m\u00fckemmel ya\u015fam alanlar\u0131 sunmakt\u0131r. Bu do\u011frultuda, yenilik\u00e7i ve s\u00fcrd\u00fcr\u00fclebilir projeler \u00fcretmek i\u00e7in s\u00fcrekli olarak ara\u015ft\u0131rma [&hellip;]<\/p>\n","protected":false},"author":1,"featured_media":0,"parent":0,"menu_order":0,"comment_status":"closed","ping_status":"closed","template":"","meta":{"footnotes":""},"class_list":["post-666","page","type-page","status-publish","hentry","entry"],"_links":{"self":[{"href":"http:\/\/lizboninsaat.com\/index.php\/wp-json\/wp\/v2\/pages\/666","targetHints":{"allow":["GET"]}}],"collection":[{"href":"http:\/\/lizboninsaat.com\/index.php\/wp-json\/wp\/v2\/pages"}],"about":[{"href":"http:\/\/lizboninsaat.com\/index.php\/wp-json\/wp\/v2\/types\/page"}],"author":[{"embeddable":true,"href":"http:\/\/lizboninsaat.com\/index.php\/wp-json\/wp\/v2\/users\/1"}],"replies":[{"embeddable":true,"href":"http:\/\/lizboninsaat.com\/index.php\/wp-json\/wp\/v2\/comments?post=666"}],"version-history":[{"count":30,"href":"http:\/\/lizboninsaat.com\/index.php\/wp-json\/wp\/v2\/pages\/666\/revisions"}],"predecessor-version":[{"id":1087,"href":"http:\/\/lizboninsaat.com\/index.php\/wp-json\/wp\/v2\/pages\/666\/revisions\/1087"}],"wp:attachment":[{"href":"http:\/\/lizboninsaat.com\/index.php\/wp-json\/wp\/v2\/media?parent=666"}],"curies":[{"name":"wp","href":"https:\/\/api.w.org\/{rel}","templated":true}]}}