{"id":533,"date":"2023-07-26T09:18:59","date_gmt":"2023-07-26T09:18:59","guid":{"rendered":"http:\/\/lizboninsaat.com\/?page_id=533"},"modified":"2023-08-30T13:24:36","modified_gmt":"2023-08-30T13:24:36","slug":"hakkimizda","status":"publish","type":"page","link":"https:\/\/lizboninsaat.com\/index.php\/hakkimizda\/","title":{"rendered":"Hakk\u0131m\u0131zda"},"content":{"rendered":"\t\t<div data-elementor-type=\"wp-page\" data-elementor-id=\"533\" class=\"elementor elementor-533\">\n\t\t\t\t\t\t\t\t\t<section class=\"elementor-section elementor-top-section elementor-element elementor-element-3af98b33 elementor-section-boxed elementor-section-height-default elementor-section-height-default\" data-id=\"3af98b33\" data-element_type=\"section\" data-settings=\"{&quot;background_background&quot;:&quot;classic&quot;}\">\n\t\t\t\t\t\t\t<div class=\"elementor-background-overlay\"><\/div>\n\t\t\t\t\t\t\t<div class=\"elementor-container elementor-column-gap-default\">\n\t\t\t\t\t<div class=\"elementor-column elementor-col-50 elementor-top-column elementor-element elementor-element-5ebca097\" data-id=\"5ebca097\" data-element_type=\"column\">\n\t\t\t<div class=\"elementor-widget-wrap elementor-element-populated\">\n\t\t\t\t\t\t\t\t<div class=\"elementor-element elementor-element-254e313b elementor-widget elementor-widget-heading\" data-id=\"254e313b\" data-element_type=\"widget\" data-widget_type=\"heading.default\">\n\t\t\t\t<div class=\"elementor-widget-container\">\n\t\t\t<style>\/*! elementor - v3.14.0 - 26-06-2023 *\/\n.elementor-heading-title{padding:0;margin:0;line-height:1}.elementor-widget-heading .elementor-heading-title[class*=elementor-size-]>a{color:inherit;font-size:inherit;line-height:inherit}.elementor-widget-heading .elementor-heading-title.elementor-size-small{font-size:15px}.elementor-widget-heading .elementor-heading-title.elementor-size-medium{font-size:19px}.elementor-widget-heading .elementor-heading-title.elementor-size-large{font-size:29px}.elementor-widget-heading .elementor-heading-title.elementor-size-xl{font-size:39px}.elementor-widget-heading .elementor-heading-title.elementor-size-xxl{font-size:59px}<\/style><h2 class=\"elementor-heading-title elementor-size-default\">Hakk\u0131m\u0131zda<\/h2>\t\t<\/div>\n\t\t\t\t<\/div>\n\t\t\t\t<div class=\"elementor-element elementor-element-2a14fa8c elementor-widget elementor-widget-text-editor\" data-id=\"2a14fa8c\" data-element_type=\"widget\" data-widget_type=\"text-editor.default\">\n\t\t\t\t<div class=\"elementor-widget-container\">\n\t\t\t<style>\/*! elementor - v3.14.0 - 26-06-2023 *\/\n.elementor-widget-text-editor.elementor-drop-cap-view-stacked .elementor-drop-cap{background-color:#69727d;color:#fff}.elementor-widget-text-editor.elementor-drop-cap-view-framed .elementor-drop-cap{color:#69727d;border:3px solid;background-color:transparent}.elementor-widget-text-editor:not(.elementor-drop-cap-view-default) .elementor-drop-cap{margin-top:8px}.elementor-widget-text-editor:not(.elementor-drop-cap-view-default) .elementor-drop-cap-letter{width:1em;height:1em}.elementor-widget-text-editor .elementor-drop-cap{float:left;text-align:center;line-height:1;font-size:50px}.elementor-widget-text-editor .elementor-drop-cap-letter{display:inline-block}<\/style>\t\t\t\t<p>Lizbon \u0130n\u015faat, 25 y\u0131ld\u0131r T\u00fcrkiye&#8217;nin in\u015faat sekt\u00f6r\u00fcnde \u00f6nemli bir oyuncu olarak faaliyet g\u00f6stermektedir. Bu s\u00fcre zarf\u0131nda, b\u00fcy\u00fck projelere imza atan ve d\u00fcnyan\u0131n \u00f6nde gelen firmalar\u0131yla ortakl\u0131k kurarak, uluslararas\u0131 alanda da ad\u0131n\u0131 duyurmu\u015ftur.<\/p><p>Firmam\u0131z, T\u00fcrkiye&#8217;nin bir\u00e7ok yerinde ger\u00e7ekle\u015ftirdi\u011fi b\u00fcy\u00fck \u00f6l\u00e7ekli projelerle tan\u0131nmaktad\u0131r. Konut, ticari ve end\u00fcstriyel yap\u0131lar, altyap\u0131 projeleri ve kamu binalar\u0131 gibi \u00e7e\u015fitli alanlarda ba\u015far\u0131l\u0131 i\u015flere imza atmaktay\u0131z. M\u00fc\u015fterilerimize kaliteli ve g\u00fcvenilir hizmet sunmay\u0131 ilke edinerek, projelerimizi zaman\u0131nda ve b\u00fct\u00e7eyle uyumlu bir \u015fekilde tamamlamaktay\u0131z.<\/p><p>Lizbon \u0130n\u015faat olarak, uluslararas\u0131 arenada da aktif bir \u015fekilde yer almaktay\u0131z. D\u00fcnyan\u0131n \u00f6nde gelen in\u015faat firmalar\u0131yla stratejik ortakl\u0131klar kurarak, yurt d\u0131\u015f\u0131nda da \u00f6nemli projelere katk\u0131da bulunmaktay\u0131z. Bu ortakl\u0131klar sayesinde, farkl\u0131 \u00fclkelerdeki in\u015faat sekt\u00f6r\u00fcnde de etkin bir rol oynamaktay\u0131z.<\/p><p>Firmam\u0131z\u0131n ba\u015far\u0131s\u0131n\u0131n temelinde, kaliteli i\u015f\u00e7ilik, yenilik\u00e7i \u00e7\u00f6z\u00fcmler ve m\u00fc\u015fteri odakl\u0131 yakla\u015f\u0131m yer almaktad\u0131r. Projelerimizi en son teknolojileri kullanarak tasarlamak ve uygulamak i\u00e7in s\u00fcrekli olarak ara\u015ft\u0131rma ve geli\u015ftirme \u00e7al\u0131\u015fmalar\u0131 yapmaktay\u0131z. M\u00fc\u015fterilerimizin beklenti ve ihtiya\u00e7lar\u0131n\u0131 kar\u015f\u0131lamak i\u00e7in esnek ve \u00f6zelle\u015ftirilebilir \u00e7\u00f6z\u00fcmler sunmaktay\u0131z.<\/p><p>Lizbon \u0130n\u015faat, sadece in\u015faat projelerine odaklanmakla kalmay\u0131p, ayn\u0131 zamanda \u00e7evre ve toplum a\u00e7\u0131s\u0131ndan da sorumluluklar\u0131n\u0131 yerine getirmektedir. S\u00fcrd\u00fcr\u00fclebilirlik ilkelerine ba\u011fl\u0131 kalarak, \u00e7evre dostu malzemeler kullanmak ve enerji verimlili\u011fine \u00f6nem vermek gibi \u00f6nlemler almaktay\u0131z. Ayr\u0131ca, sosyal sorumluluk projelerine destek vererek, toplumun ihtiya\u00e7lar\u0131na katk\u0131da bulunmaktay\u0131z.<\/p><p>Lizbon \u0130n\u015faat olarak, in\u015faat sekt\u00f6r\u00fcndeki liderli\u011fimizi s\u00fcrd\u00fcrmek ve uluslararas\u0131 alanda da ba\u015far\u0131l\u0131 projelere imza atmak i\u00e7in s\u00fcrekli olarak kendimizi geli\u015ftirmeye devam edece\u011fiz. M\u00fc\u015fterilerimizin g\u00fcvenini kazanmak, kaliteli i\u015fler \u00e7\u0131karmak ve sekt\u00f6rde referans bir marka olmak vizyonumuzun temelini olu\u015fturmaktad\u0131r.<\/p>\t\t\t\t\t\t<\/div>\n\t\t\t\t<\/div>\n\t\t\t\t\t<\/div>\n\t\t<\/div>\n\t\t\t\t<div class=\"elementor-column elementor-col-50 elementor-top-column elementor-element elementor-element-ab57b55\" data-id=\"ab57b55\" data-element_type=\"column\">\n\t\t\t<div class=\"elementor-widget-wrap elementor-element-populated\">\n\t\t\t\t\t\t\t\t<section class=\"elementor-section elementor-inner-section elementor-element elementor-element-3c6b2552 elementor-section-boxed elementor-section-height-default elementor-section-height-default\" data-id=\"3c6b2552\" data-element_type=\"section\">\n\t\t\t\t\t\t<div class=\"elementor-container elementor-column-gap-default\">\n\t\t\t\t\t<div class=\"elementor-column elementor-col-50 elementor-inner-column elementor-element elementor-element-183e7225\" data-id=\"183e7225\" data-element_type=\"column\">\n\t\t\t<div class=\"elementor-widget-wrap elementor-element-populated\">\n\t\t\t\t\t\t\t\t<div class=\"elementor-element elementor-element-381283d5 elementor-widget elementor-widget-image\" data-id=\"381283d5\" data-element_type=\"widget\" data-widget_type=\"image.default\">\n\t\t\t\t<div class=\"elementor-widget-container\">\n\t\t\t<style>\/*! elementor - v3.14.0 - 26-06-2023 *\/\n.elementor-widget-image{text-align:center}.elementor-widget-image a{display:inline-block}.elementor-widget-image a img[src$=\".svg\"]{width:48px}.elementor-widget-image img{vertical-align:middle;display:inline-block}<\/style>\t\t\t\t\t\t\t\t\t\t\t\t<img decoding=\"async\" src=\"http:\/\/lizboninsaat.com\/wp-content\/uploads\/2023\/07\/cizgi.png\" title=\"\" alt=\"\" loading=\"lazy\" \/>\t\t\t\t\t\t\t\t\t\t\t\t\t\t\t<\/div>\n\t\t\t\t<\/div>\n\t\t\t\t\t<\/div>\n\t\t<\/div>\n\t\t\t\t<div class=\"elementor-column elementor-col-50 elementor-inner-column elementor-element elementor-element-2c69af6\" data-id=\"2c69af6\" data-element_type=\"column\">\n\t\t\t<div class=\"elementor-widget-wrap elementor-element-populated\">\n\t\t\t\t\t\t\t\t<div class=\"elementor-element elementor-element-29cc966f elementor-widget elementor-widget-heading\" data-id=\"29cc966f\" data-element_type=\"widget\" data-widget_type=\"heading.default\">\n\t\t\t\t<div class=\"elementor-widget-container\">\n\t\t\t<h2 class=\"elementor-heading-title elementor-size-default\"><a href=\"http:\/\/lizboninsaat.com\/index.php\/misyonumuz\/\">Misyonumuz<\/a><\/h2>\t\t<\/div>\n\t\t\t\t<\/div>\n\t\t\t\t<div class=\"elementor-element elementor-element-152a84aa elementor-widget elementor-widget-heading\" data-id=\"152a84aa\" data-element_type=\"widget\" data-widget_type=\"heading.default\">\n\t\t\t\t<div class=\"elementor-widget-container\">\n\t\t\t<h2 class=\"elementor-heading-title elementor-size-default\"><a href=\"http:\/\/lizboninsaat.com\/index.php\/vizyonumuz\/\">Vizyonumuz<\/a><\/h2>\t\t<\/div>\n\t\t\t\t<\/div>\n\t\t\t\t\t<\/div>\n\t\t<\/div>\n\t\t\t\t\t\t\t<\/div>\n\t\t<\/section>\n\t\t\t\t\t<\/div>\n\t\t<\/div>\n\t\t\t\t\t\t\t<\/div>\n\t\t<\/section>\n\t\t\t\t<section class=\"elementor-section elementor-top-section elementor-element elementor-element-4f3cbdf5 elementor-section-boxed elementor-section-height-default elementor-section-height-default\" data-id=\"4f3cbdf5\" data-element_type=\"section\" id=\"xs_footer_8\" data-settings=\"{&quot;background_background&quot;:&quot;classic&quot;}\">\n\t\t\t\t\t\t<div class=\"elementor-container elementor-column-gap-default\">\n\t\t\t\t\t<div class=\"elementor-column elementor-col-33 elementor-top-column elementor-element elementor-element-6987fdcf\" data-id=\"6987fdcf\" data-element_type=\"column\">\n\t\t\t<div class=\"elementor-widget-wrap elementor-element-populated\">\n\t\t\t\t\t\t\t\t<div class=\"elementor-element elementor-element-6d709de2 elementor-widget elementor-widget-image\" data-id=\"6d709de2\" data-element_type=\"widget\" data-widget_type=\"image.default\">\n\t\t\t\t<div class=\"elementor-widget-container\">\n\t\t\t\t\t\t\t\t\t\t\t\t\t\t\t\t<a href=\"http:\/\/www.imamigazali.online\/\">\n\t\t\t\t\t\t\t<img loading=\"lazy\" decoding=\"async\" width=\"768\" height=\"327\" src=\"https:\/\/lizboninsaat.com\/wp-content\/uploads\/2023\/07\/swd-768x327.png\" class=\"attachment-medium_large size-medium_large wp-image-626\" alt=\"\" srcset=\"https:\/\/lizboninsaat.com\/wp-content\/uploads\/2023\/07\/swd-768x327.png 768w, https:\/\/lizboninsaat.com\/wp-content\/uploads\/2023\/07\/swd-300x128.png 300w, https:\/\/lizboninsaat.com\/wp-content\/uploads\/2023\/07\/swd.png 1019w\" sizes=\"auto, (max-width: 768px) 100vw, 768px\" \/>\t\t\t\t\t\t\t\t<\/a>\n\t\t\t\t\t\t\t\t\t\t\t\t\t\t\t<\/div>\n\t\t\t\t<\/div>\n\t\t\t\t<div class=\"elementor-element elementor-element-30009568 elementor-widget elementor-widget-text-editor\" data-id=\"30009568\" data-element_type=\"widget\" data-widget_type=\"text-editor.default\">\n\t\t\t\t<div class=\"elementor-widget-container\">\n\t\t\t\t\t\t\t<p>Bir Yat\u0131r\u0131m Uzman\u0131 Gerektirmez<\/p>\t\t\t\t\t\t<\/div>\n\t\t\t\t<\/div>\n\t\t\t\t<div class=\"elementor-element elementor-element-b7caff5 elementor-widget elementor-widget-elementskit-social-media\" data-id=\"b7caff5\" data-element_type=\"widget\" data-widget_type=\"elementskit-social-media.default\">\n\t\t\t\t<div class=\"elementor-widget-container\">\n\t\t\t<div class=\"ekit-wid-con\" >\t\t\t <ul class=\"ekit_social_media\">\n\t\t\t\t\t\t\t\t\t\t\t\t\t\t<li class=\"elementor-repeater-item-da8f4de\">\n\t\t\t\t\t    <a\n\t\t\t\t\t\thref=\"#\" aria-label=\"Facebook\" class=\"f\" >\n\t\t\t\t\t\t\t\t\t\t\t\t\t\t\n\t\t\t\t\t\t\t<i aria-hidden=\"true\" class=\"fab fa-facebook-f\"><\/i>\t\t\t\t\t\t\t\t\t\n                                                                                                            <\/a>\n                    <\/li>\n                    \t\t\t\t\t\t\t\t\t\t\t\t\t\t<li class=\"elementor-repeater-item-1399011\">\n\t\t\t\t\t    <a\n\t\t\t\t\t\thref=\"#\" aria-label=\"Twitter\" class=\"twitter\" >\n\t\t\t\t\t\t\t\t\t\t\t\t\t\t\n\t\t\t\t\t\t\t<i aria-hidden=\"true\" class=\"fab fa-twitter\"><\/i>\t\t\t\t\t\t\t\t\t\n                                                                                                            <\/a>\n                    <\/li>\n                    \t\t\t\t\t\t\t\t\t\t\t\t\t\t<li class=\"elementor-repeater-item-c8596be\">\n\t\t\t\t\t    <a\n\t\t\t\t\t\thref=\"#\" aria-label=\"Instagram\" class=\"instagram\" >\n\t\t\t\t\t\t\t\t\t\t\t\t\t\t\n\t\t\t\t\t\t\t<i aria-hidden=\"true\" class=\"fab fa-instagram\"><\/i>\t\t\t\t\t\t\t\t\t\n                                                                                                            <\/a>\n                    <\/li>\n                    \t\t\t\t\t\t\t<\/ul>\n\t\t<\/div>\t\t<\/div>\n\t\t\t\t<\/div>\n\t\t\t\t\t<\/div>\n\t\t<\/div>\n\t\t\t\t<div class=\"elementor-column elementor-col-33 elementor-top-column elementor-element elementor-element-95349c9\" data-id=\"95349c9\" data-element_type=\"column\">\n\t\t\t<div class=\"elementor-widget-wrap elementor-element-populated\">\n\t\t\t\t\t\t\t\t<section class=\"elementor-section elementor-inner-section elementor-element elementor-element-88811a3 elementor-section-boxed elementor-section-height-default elementor-section-height-default\" data-id=\"88811a3\" data-element_type=\"section\">\n\t\t\t\t\t\t<div class=\"elementor-container elementor-column-gap-default\">\n\t\t\t\t\t<div class=\"elementor-column elementor-col-100 elementor-inner-column elementor-element elementor-element-9990a5a elementor-hidden-mobile\" data-id=\"9990a5a\" data-element_type=\"column\">\n\t\t\t<div class=\"elementor-widget-wrap elementor-element-populated\">\n\t\t\t\t\t\t\t\t<div class=\"elementor-element elementor-element-c71845a elementor-widget__width-initial elementor-widget elementor-widget-image-gallery\" data-id=\"c71845a\" data-element_type=\"widget\" data-widget_type=\"image-gallery.default\">\n\t\t\t\t<div class=\"elementor-widget-container\">\n\t\t\t<style>\/*! elementor - v3.14.0 - 26-06-2023 *\/\n.elementor-image-gallery .gallery-item{display:inline-block;text-align:center;vertical-align:top;width:100%;max-width:100%;margin:0 auto}.elementor-image-gallery .gallery-item img{margin:0 auto}.elementor-image-gallery .gallery-item .gallery-caption{margin:0}.elementor-image-gallery figure img{display:block}.elementor-image-gallery figure figcaption{width:100%}.gallery-spacing-custom .elementor-image-gallery .gallery-icon{padding:0}@media (min-width:768px){.elementor-image-gallery .gallery-columns-2 .gallery-item{max-width:50%}.elementor-image-gallery .gallery-columns-3 .gallery-item{max-width:33.33%}.elementor-image-gallery .gallery-columns-4 .gallery-item{max-width:25%}.elementor-image-gallery .gallery-columns-5 .gallery-item{max-width:20%}.elementor-image-gallery .gallery-columns-6 .gallery-item{max-width:16.666%}.elementor-image-gallery .gallery-columns-7 .gallery-item{max-width:14.28%}.elementor-image-gallery .gallery-columns-8 .gallery-item{max-width:12.5%}.elementor-image-gallery .gallery-columns-9 .gallery-item{max-width:11.11%}.elementor-image-gallery .gallery-columns-10 .gallery-item{max-width:10%}}@media (min-width:480px) and (max-width:767px){.elementor-image-gallery .gallery.gallery-columns-2 .gallery-item,.elementor-image-gallery .gallery.gallery-columns-3 .gallery-item,.elementor-image-gallery .gallery.gallery-columns-4 .gallery-item,.elementor-image-gallery .gallery.gallery-columns-5 .gallery-item,.elementor-image-gallery .gallery.gallery-columns-6 .gallery-item,.elementor-image-gallery .gallery.gallery-columns-7 .gallery-item,.elementor-image-gallery .gallery.gallery-columns-8 .gallery-item,.elementor-image-gallery .gallery.gallery-columns-9 .gallery-item,.elementor-image-gallery .gallery.gallery-columns-10 .gallery-item{max-width:50%}}@media (max-width:479px){.elementor-image-gallery .gallery.gallery-columns-2 .gallery-item,.elementor-image-gallery .gallery.gallery-columns-3 .gallery-item,.elementor-image-gallery .gallery.gallery-columns-4 .gallery-item,.elementor-image-gallery .gallery.gallery-columns-5 .gallery-item,.elementor-image-gallery .gallery.gallery-columns-6 .gallery-item,.elementor-image-gallery .gallery.gallery-columns-7 .gallery-item,.elementor-image-gallery .gallery.gallery-columns-8 .gallery-item,.elementor-image-gallery .gallery.gallery-columns-9 .gallery-item,.elementor-image-gallery .gallery.gallery-columns-10 .gallery-item{max-width:100%}}<\/style>\t\t<div class=\"elementor-image-gallery\">\n\t\t\t<div id='gallery-1' class='gallery galleryid-533 gallery-columns-2 gallery-size-medium'><figure class='gallery-item'>\n\t\t\t<div class='gallery-icon landscape'>\n\t\t\t\t<a data-elementor-open-lightbox=\"yes\" data-elementor-lightbox-slideshow=\"c71845a\" data-elementor-lightbox-title=\"WhatsApp-Image-2023-06-22-at-16.28.50.jpeg\" data-e-action-hash=\"#elementor-action%3Aaction%3Dlightbox%26settings%3DeyJpZCI6NjA0LCJ1cmwiOiJodHRwczpcL1wvbGl6Ym9uaW5zYWF0LmNvbVwvd3AtY29udGVudFwvdXBsb2Fkc1wvMjAyM1wvMDdcL1doYXRzQXBwLUltYWdlLTIwMjMtMDYtMjItYXQtMTYuMjguNTAuanBlZyIsInNsaWRlc2hvdyI6ImM3MTg0NWEifQ%3D%3D\" href='https:\/\/lizboninsaat.com\/wp-content\/uploads\/2023\/07\/WhatsApp-Image-2023-06-22-at-16.28.50.jpeg'><img loading=\"lazy\" decoding=\"async\" width=\"300\" height=\"225\" src=\"https:\/\/lizboninsaat.com\/wp-content\/uploads\/2023\/07\/WhatsApp-Image-2023-06-22-at-16.28.50-300x225.jpeg\" class=\"attachment-medium size-medium\" alt=\"\" srcset=\"https:\/\/lizboninsaat.com\/wp-content\/uploads\/2023\/07\/WhatsApp-Image-2023-06-22-at-16.28.50-300x225.jpeg 300w, https:\/\/lizboninsaat.com\/wp-content\/uploads\/2023\/07\/WhatsApp-Image-2023-06-22-at-16.28.50-768x576.jpeg 768w, https:\/\/lizboninsaat.com\/wp-content\/uploads\/2023\/07\/WhatsApp-Image-2023-06-22-at-16.28.50.jpeg 1024w\" sizes=\"auto, (max-width: 300px) 100vw, 300px\" \/><\/a>\n\t\t\t<\/div><\/figure><figure class='gallery-item'>\n\t\t\t<div class='gallery-icon landscape'>\n\t\t\t\t<a data-elementor-open-lightbox=\"yes\" data-elementor-lightbox-slideshow=\"c71845a\" data-elementor-lightbox-title=\"WhatsApp-Image-2023-06-22-at-16.28.51.jpeg\" data-e-action-hash=\"#elementor-action%3Aaction%3Dlightbox%26settings%3DeyJpZCI6NjA1LCJ1cmwiOiJodHRwczpcL1wvbGl6Ym9uaW5zYWF0LmNvbVwvd3AtY29udGVudFwvdXBsb2Fkc1wvMjAyM1wvMDdcL1doYXRzQXBwLUltYWdlLTIwMjMtMDYtMjItYXQtMTYuMjguNTEuanBlZyIsInNsaWRlc2hvdyI6ImM3MTg0NWEifQ%3D%3D\" href='https:\/\/lizboninsaat.com\/wp-content\/uploads\/2023\/07\/WhatsApp-Image-2023-06-22-at-16.28.51.jpeg'><img loading=\"lazy\" decoding=\"async\" width=\"300\" height=\"225\" src=\"https:\/\/lizboninsaat.com\/wp-content\/uploads\/2023\/07\/WhatsApp-Image-2023-06-22-at-16.28.51-300x225.jpeg\" class=\"attachment-medium size-medium\" alt=\"\" srcset=\"https:\/\/lizboninsaat.com\/wp-content\/uploads\/2023\/07\/WhatsApp-Image-2023-06-22-at-16.28.51-300x225.jpeg 300w, https:\/\/lizboninsaat.com\/wp-content\/uploads\/2023\/07\/WhatsApp-Image-2023-06-22-at-16.28.51-768x576.jpeg 768w, https:\/\/lizboninsaat.com\/wp-content\/uploads\/2023\/07\/WhatsApp-Image-2023-06-22-at-16.28.51.jpeg 1024w\" sizes=\"auto, (max-width: 300px) 100vw, 300px\" \/><\/a>\n\t\t\t<\/div><\/figure><figure class='gallery-item'>\n\t\t\t<div class='gallery-icon landscape'>\n\t\t\t\t<a data-elementor-open-lightbox=\"yes\" data-elementor-lightbox-slideshow=\"c71845a\" data-elementor-lightbox-title=\"WhatsApp-Image-2023-06-22-at-16.28.49.jpeg\" data-e-action-hash=\"#elementor-action%3Aaction%3Dlightbox%26settings%3DeyJpZCI6NjA2LCJ1cmwiOiJodHRwczpcL1wvbGl6Ym9uaW5zYWF0LmNvbVwvd3AtY29udGVudFwvdXBsb2Fkc1wvMjAyM1wvMDdcL1doYXRzQXBwLUltYWdlLTIwMjMtMDYtMjItYXQtMTYuMjguNDkuanBlZyIsInNsaWRlc2hvdyI6ImM3MTg0NWEifQ%3D%3D\" href='https:\/\/lizboninsaat.com\/wp-content\/uploads\/2023\/07\/WhatsApp-Image-2023-06-22-at-16.28.49.jpeg'><img loading=\"lazy\" decoding=\"async\" width=\"300\" height=\"230\" src=\"https:\/\/lizboninsaat.com\/wp-content\/uploads\/2023\/07\/WhatsApp-Image-2023-06-22-at-16.28.49-300x230.jpeg\" class=\"attachment-medium size-medium\" alt=\"\" srcset=\"https:\/\/lizboninsaat.com\/wp-content\/uploads\/2023\/07\/WhatsApp-Image-2023-06-22-at-16.28.49-300x230.jpeg 300w, https:\/\/lizboninsaat.com\/wp-content\/uploads\/2023\/07\/WhatsApp-Image-2023-06-22-at-16.28.49-768x588.jpeg 768w, https:\/\/lizboninsaat.com\/wp-content\/uploads\/2023\/07\/WhatsApp-Image-2023-06-22-at-16.28.49.jpeg 1024w\" sizes=\"auto, (max-width: 300px) 100vw, 300px\" \/><\/a>\n\t\t\t<\/div><\/figure><figure class='gallery-item'>\n\t\t\t<div class='gallery-icon landscape'>\n\t\t\t\t<a data-elementor-open-lightbox=\"yes\" data-elementor-lightbox-slideshow=\"c71845a\" data-elementor-lightbox-title=\"WhatsApp-Image-2023-06-22-at-16.28.48.jpeg\" data-e-action-hash=\"#elementor-action%3Aaction%3Dlightbox%26settings%3DeyJpZCI6NjA3LCJ1cmwiOiJodHRwczpcL1wvbGl6Ym9uaW5zYWF0LmNvbVwvd3AtY29udGVudFwvdXBsb2Fkc1wvMjAyM1wvMDdcL1doYXRzQXBwLUltYWdlLTIwMjMtMDYtMjItYXQtMTYuMjguNDguanBlZyIsInNsaWRlc2hvdyI6ImM3MTg0NWEifQ%3D%3D\" href='https:\/\/lizboninsaat.com\/wp-content\/uploads\/2023\/07\/WhatsApp-Image-2023-06-22-at-16.28.48.jpeg'><img loading=\"lazy\" decoding=\"async\" width=\"300\" height=\"175\" src=\"https:\/\/lizboninsaat.com\/wp-content\/uploads\/2023\/07\/WhatsApp-Image-2023-06-22-at-16.28.48-300x175.jpeg\" class=\"attachment-medium size-medium\" alt=\"\" srcset=\"https:\/\/lizboninsaat.com\/wp-content\/uploads\/2023\/07\/WhatsApp-Image-2023-06-22-at-16.28.48-300x175.jpeg 300w, https:\/\/lizboninsaat.com\/wp-content\/uploads\/2023\/07\/WhatsApp-Image-2023-06-22-at-16.28.48-768x449.jpeg 768w, https:\/\/lizboninsaat.com\/wp-content\/uploads\/2023\/07\/WhatsApp-Image-2023-06-22-at-16.28.48.jpeg 1024w\" sizes=\"auto, (max-width: 300px) 100vw, 300px\" \/><\/a>\n\t\t\t<\/div><\/figure>\n\t\t<\/div>\n\t\t<\/div>\n\t\t\t\t<\/div>\n\t\t\t\t<\/div>\n\t\t\t\t\t<\/div>\n\t\t<\/div>\n\t\t\t\t\t\t\t<\/div>\n\t\t<\/section>\n\t\t\t\t\t<\/div>\n\t\t<\/div>\n\t\t\t\t<div class=\"elementor-column elementor-col-33 elementor-top-column elementor-element elementor-element-4e461bd8\" data-id=\"4e461bd8\" data-element_type=\"column\">\n\t\t\t<div class=\"elementor-widget-wrap elementor-element-populated\">\n\t\t\t\t\t\t\t\t<div class=\"elementor-element elementor-element-1f5fd1e6 elementor-widget elementor-widget-heading\" data-id=\"1f5fd1e6\" data-element_type=\"widget\" data-widget_type=\"heading.default\">\n\t\t\t\t<div class=\"elementor-widget-container\">\n\t\t\t<h2 class=\"elementor-heading-title elementor-size-default\">Bizden Haberdar Olun<\/h2>\t\t<\/div>\n\t\t\t\t<\/div>\n\t\t\t\t<div class=\"elementor-element elementor-element-d6df72d elementor-widget elementor-widget-shortcode\" data-id=\"d6df72d\" data-element_type=\"widget\" data-widget_type=\"shortcode.default\">\n\t\t\t\t<div class=\"elementor-widget-container\">\n\t\t\t\t\t<div class=\"elementor-shortcode\">\n<div class=\"wpcf7 no-js\" id=\"wpcf7-f791-o1\" lang=\"tr-TR\" dir=\"ltr\">\n<div class=\"screen-reader-response\"><p role=\"status\" aria-live=\"polite\" aria-atomic=\"true\"><\/p> <ul><\/ul><\/div>\n<form action=\"\/index.php\/wp-json\/wp\/v2\/pages\/533#wpcf7-f791-o1\" method=\"post\" class=\"wpcf7-form init\" aria-label=\"Contact form\" novalidate=\"novalidate\" data-status=\"init\">\n<div style=\"display: none;\">\n<input type=\"hidden\" name=\"_wpcf7\" value=\"791\" \/>\n<input type=\"hidden\" name=\"_wpcf7_version\" value=\"5.8\" \/>\n<input type=\"hidden\" name=\"_wpcf7_locale\" value=\"tr_TR\" \/>\n<input type=\"hidden\" name=\"_wpcf7_unit_tag\" value=\"wpcf7-f791-o1\" \/>\n<input type=\"hidden\" name=\"_wpcf7_container_post\" value=\"0\" \/>\n<input type=\"hidden\" name=\"_wpcf7_posted_data_hash\" value=\"\" \/>\n<\/div>\n<p><label><br \/>\n<span class=\"wpcf7-form-control-wrap\" data-name=\"your-name\"><input size=\"40\" class=\"wpcf7-form-control wpcf7-text wpcf7-validates-as-required\" aria-required=\"true\" aria-invalid=\"false\" placeholder=\"Ad\u0131 &amp; Soyad\" value=\"\" type=\"text\" name=\"your-name\" \/><\/span> <\/label>\n<\/p>\n<p><label><br \/>\n<span class=\"wpcf7-form-control-wrap\" data-name=\"your-email\"><input size=\"40\" class=\"wpcf7-form-control wpcf7-email wpcf7-validates-as-required wpcf7-text wpcf7-validates-as-email\" aria-required=\"true\" aria-invalid=\"false\" placeholder=\"Mail Adresiniz\" value=\"\" type=\"email\" name=\"your-email\" \/><\/span> <\/label>\n<\/p>\n<p><input class=\"wpcf7-form-control wpcf7-submit has-spinner\" type=\"submit\" value=\"G\u00f6nder\" \/>\n<\/p><div class=\"wpcf7-response-output\" aria-hidden=\"true\"><\/div>\n<\/form>\n<\/div>\n<\/div>\n\t\t\t\t<\/div>\n\t\t\t\t<\/div>\n\t\t\t\t\t<\/div>\n\t\t<\/div>\n\t\t\t\t\t\t\t<\/div>\n\t\t<\/section>\n\t\t\t\t\t\t\t<\/div>\n\t\t","protected":false},"excerpt":{"rendered":"<p>Hakk\u0131m\u0131zda Lizbon \u0130n\u015faat, 25 y\u0131ld\u0131r T\u00fcrkiye&#8217;nin in\u015faat sekt\u00f6r\u00fcnde \u00f6nemli bir oyuncu olarak faaliyet g\u00f6stermektedir. Bu s\u00fcre zarf\u0131nda, b\u00fcy\u00fck projelere imza atan ve d\u00fcnyan\u0131n \u00f6nde gelen firmalar\u0131yla ortakl\u0131k kurarak, uluslararas\u0131 alanda da ad\u0131n\u0131 duyurmu\u015ftur. Firmam\u0131z, T\u00fcrkiye&#8217;nin bir\u00e7ok yerinde ger\u00e7ekle\u015ftirdi\u011fi b\u00fcy\u00fck \u00f6l\u00e7ekli projelerle tan\u0131nmaktad\u0131r. Konut, ticari ve end\u00fcstriyel yap\u0131lar, altyap\u0131 projeleri ve kamu binalar\u0131 gibi \u00e7e\u015fitli alanlarda [&hellip;]<\/p>\n","protected":false},"author":1,"featured_media":0,"parent":0,"menu_order":0,"comment_status":"closed","ping_status":"closed","template":"","meta":{"footnotes":""},"class_list":["post-533","page","type-page","status-publish","hentry","entry"],"_links":{"self":[{"href":"https:\/\/lizboninsaat.com\/index.php\/wp-json\/wp\/v2\/pages\/533","targetHints":{"allow":["GET"]}}],"collection":[{"href":"https:\/\/lizboninsaat.com\/index.php\/wp-json\/wp\/v2\/pages"}],"about":[{"href":"https:\/\/lizboninsaat.com\/index.php\/wp-json\/wp\/v2\/types\/page"}],"author":[{"embeddable":true,"href":"https:\/\/lizboninsaat.com\/index.php\/wp-json\/wp\/v2\/users\/1"}],"replies":[{"embeddable":true,"href":"https:\/\/lizboninsaat.com\/index.php\/wp-json\/wp\/v2\/comments?post=533"}],"version-history":[{"count":26,"href":"https:\/\/lizboninsaat.com\/index.php\/wp-json\/wp\/v2\/pages\/533\/revisions"}],"predecessor-version":[{"id":1100,"href":"https:\/\/lizboninsaat.com\/index.php\/wp-json\/wp\/v2\/pages\/533\/revisions\/1100"}],"wp:attachment":[{"href":"https:\/\/lizboninsaat.com\/index.php\/wp-json\/wp\/v2\/media?parent=533"}],"curies":[{"name":"wp","href":"https:\/\/api.w.org\/{rel}","templated":true}]}}